{"id":129,"date":"2026-03-04T12:03:51","date_gmt":"2026-03-04T12:03:51","guid":{"rendered":"https:\/\/medikon.hr\/?page_id=129"},"modified":"2026-03-04T12:43:28","modified_gmt":"2026-03-04T12:43:28","slug":"o-nama","status":"publish","type":"page","link":"https:\/\/medikon.hr\/index.php\/o-nama\/","title":{"rendered":"O nama"},"content":{"rendered":"<p>[et_pb_section fb_built=&#8221;1&#8243; admin_label=&#8221;Header&#8221; _builder_version=&#8221;4.19.3&#8243; _module_preset=&#8221;default&#8221; custom_padding=&#8221;0px||0px||true|false&#8221; collapsed=&#8221;on&#8221; global_colors_info=&#8221;{}&#8221;][et_pb_row column_structure=&#8221;3_5,2_5&#8243; make_equal=&#8221;on&#8221; _builder_version=&#8221;4.27.6&#8243; _module_preset=&#8221;default&#8221; custom_padding=&#8221;0px||0px||true|false&#8221; animation_style=&#8221;fold&#8221; border_color_all=&#8221;#0E2D41&#8243; border_width_bottom=&#8221;2px&#8221; global_colors_info=&#8221;{}&#8221;][et_pb_column type=&#8221;3_5&#8243; _builder_version=&#8221;4.20.0&#8243; _module_preset=&#8221;default&#8221; custom_padding=&#8221;6%||6%||true|false&#8221; hover_enabled=&#8221;0&#8243; global_colors_info=&#8221;{}&#8221; sticky_enabled=&#8221;0&#8243;][et_pb_text _builder_version=&#8221;4.27.6&#8243; _module_preset=&#8221;f3d55f92-43ca-4c8a-b754-0184f6063f9f&#8221; custom_margin=&#8221;||30px||false|false&#8221; hover_enabled=&#8221;0&#8243; global_colors_info=&#8221;{}&#8221; custom_padding=&#8221;6px|||||&#8221; text_text_color=&#8221;#0C71C3&#8243; sticky_enabled=&#8221;0&#8243;]<\/p>\n<h1><span style=\"color: #000747;\"><strong>O MEDIKONU<\/strong><\/span><\/h1>\n<p>[\/et_pb_text][et_pb_text _builder_version=&#8221;4.19.3&#8243; _module_preset=&#8221;f6c41442-91dc-460c-a061-d887b092c8c1&#8243; custom_margin=&#8221;||30px||false|false&#8221; global_colors_info=&#8221;{}&#8221;]<\/p>\n<p data-start=\"168\" data-end=\"583\">Medikon je hrvatski obrt za proizvodnju sa sjedi\u0161tem u Zagrebu, specijaliziran za jednokratne medicinske potrep\u0161tine. Od 1983. godine gradimo povjerenje kroz dosljednu kvalitetu, pouzdanu opskrbu i profesionalan odnos prema zdravstvenim ustanovama. Na\u0161i proizvodi namijenjeni su bolnicama, ambulantama, domovima zdravlja i ordinacijama \u2013 svima koji u svakodnevnom radu trebaju stabilan i siguran potro\u0161ni materijal.<\/p>\n<p data-start=\"168\" data-end=\"583\">\n<p data-start=\"168\" data-end=\"583\">\n<p data-start=\"585\" data-end=\"829\">Dio asortimana proizvodimo u Hrvatskoj, \u0161to nam omogu\u0107uje bolju kontrolu standarda, ve\u0107u fleksibilnost i sigurniji lanac opskrbe. Na\u0161 cilj je jednostavan: da zdravstveni djelatnici dobiju ono \u0161to im treba \u2013 na vrijeme, uredno i bez iznena\u0111enja.<\/p>\n<p>[\/et_pb_text][et_pb_button button_text=&#8221;KONTAKTIRAJTE NAS&#8221; _builder_version=&#8221;4.27.6&#8243; _module_preset=&#8221;9e86df23-8fba-4558-b341-5c7a700efd84&#8243; hover_enabled=&#8221;0&#8243; global_colors_info=&#8221;{}&#8221; button_url=&#8221;@ET-DC@eyJkeW5hbWljIjp0cnVlLCJjb250ZW50IjoicG9zdF9saW5rX3VybF9wYWdlIiwic2V0dGluZ3MiOnsicG9zdF9pZCI6IjEyNyJ9fQ==@&#8221; _dynamic_attributes=&#8221;button_url&#8221; sticky_enabled=&#8221;0&#8243;][\/et_pb_button][\/et_pb_column][et_pb_column type=&#8221;2_5&#8243; _builder_version=&#8221;4.27.6&#8243; _module_preset=&#8221;default&#8221; background_image=&#8221;https:\/\/medikon.hr\/wp-content\/uploads\/2026\/03\/hospital-9.jpg&#8221; border_color_all=&#8221;#0E2D41&#8243; border_width_left=&#8221;2px&#8221; global_colors_info=&#8221;{}&#8221;][et_pb_divider show_divider=&#8221;off&#8221; _builder_version=&#8221;4.19.3&#8243; _module_preset=&#8221;default&#8221; height_tablet=&#8221;40vw&#8221; height_phone=&#8221;40vw&#8221; height_last_edited=&#8221;on|desktop&#8221; locked=&#8221;off&#8221; global_colors_info=&#8221;{}&#8221;][\/et_pb_divider][\/et_pb_column][\/et_pb_row][\/et_pb_section][et_pb_section fb_built=&#8221;1&#8243; _builder_version=&#8221;4.20.0&#8243; _module_preset=&#8221;default&#8221; global_colors_info=&#8221;{}&#8221;][et_pb_row column_structure=&#8221;2_5,3_5&#8243; _builder_version=&#8221;4.20.0&#8243; _module_preset=&#8221;default&#8221; global_colors_info=&#8221;{}&#8221;][et_pb_column type=&#8221;2_5&#8243; _builder_version=&#8221;4.20.0&#8243; _module_preset=&#8221;default&#8221; global_colors_info=&#8221;{}&#8221;][et_pb_image src=&#8221;https:\/\/medikon.hr\/wp-content\/uploads\/2026\/03\/9-1.png&#8221; title_text=&#8221;9&#8243; _builder_version=&#8221;4.27.6&#8243; _module_preset=&#8221;default&#8221; global_colors_info=&#8221;{}&#8221;][\/et_pb_image][\/et_pb_column][et_pb_column type=&#8221;3_5&#8243; _builder_version=&#8221;4.20.0&#8243; _module_preset=&#8221;default&#8221; global_colors_info=&#8221;{}&#8221;][et_pb_text _builder_version=&#8221;4.20.0&#8243; _module_preset=&#8221;f28c79ca-fc5f-4449-9375-9d37215202f4&#8243; custom_margin=&#8221;||||false|false&#8221; locked=&#8221;off&#8221; global_colors_info=&#8221;{}&#8221;]<\/p>\n<h2>NA\u0160A MISIJA<\/h2>\n<p>[\/et_pb_text][et_pb_text _builder_version=&#8221;4.19.3&#8243; _module_preset=&#8221;f6c41442-91dc-460c-a061-d887b092c8c1&#8243; locked=&#8221;off&#8221; global_colors_info=&#8221;{}&#8221;]<\/p>\n<p data-start=\"948\" data-end=\"1326\">Od 1983. godine na\u0161a je misija podr\u017eati zdravstveni sustav kvalitetnim jednokratnim potro\u0161nim materijalom koji olak\u0161ava rad i pove\u0107ava sigurnost u svakodnevnoj praksi. Usmjereni smo na proizvode koji se koriste svaki dan \u2013 od za\u0161tite i higijene do osnovnih potrep\u0161tina u radu s pacijentima. Vjerujemo da su dosljednost, pouzdanost i brz odgovor jednako va\u017eni kao i sam proizvod.<\/p>\n<p data-start=\"1328\" data-end=\"1588\">Nagla\u0161avamo lokalnu proizvodnju i tradiciju jer to zna\u010di ve\u0107u kontrolu procesa i stabilniju opskrbu na\u0161ih partnera. Medikon ne te\u017ei \u201cvelikim rije\u010dima\u201d \u2013 na\u0161 standard je jednostavan: isporu\u010diti kvalitetu koju zdravstvene ustanove mogu o\u010dekivati u svakoj seriji.<\/p>\n<p>[\/et_pb_text][et_pb_button button_text=&#8221;ZATRA\u017dITE PONUDU&#8221; _builder_version=&#8221;4.27.6&#8243; _module_preset=&#8221;9e86df23-8fba-4558-b341-5c7a700efd84&#8243; hover_enabled=&#8221;0&#8243; locked=&#8221;off&#8221; global_colors_info=&#8221;{}&#8221; button_url=&#8221;@ET-DC@eyJkeW5hbWljIjp0cnVlLCJjb250ZW50IjoicG9zdF9saW5rX3VybF9wYWdlIiwic2V0dGluZ3MiOnsicG9zdF9pZCI6IjEyNyJ9fQ==@&#8221; _dynamic_attributes=&#8221;button_url&#8221; sticky_enabled=&#8221;0&#8243;][\/et_pb_button][\/et_pb_column][\/et_pb_row][et_pb_row column_structure=&#8221;1_3,1_3,1_3&#8243; custom_padding_last_edited=&#8221;on|phone&#8221; _builder_version=&#8221;4.20.0&#8243; _module_preset=&#8221;default&#8221; background_color=&#8221;#FFFFFF&#8221; z_index=&#8221;10&#8243; max_width=&#8221;980px&#8221; custom_margin=&#8221;55px|auto||auto|false|false&#8221; custom_margin_tablet=&#8221;0px||||false|false&#8221; custom_margin_phone=&#8221;0px||||false|false&#8221; custom_margin_last_edited=&#8221;on|tablet&#8221; custom_padding=&#8221;60px||0px|40px|false|false&#8221; custom_padding_tablet=&#8221;30px||30px|0px|true|false&#8221; custom_padding_phone=&#8221;30px||30px|0px|true|false&#8221; locked=&#8221;off&#8221; global_colors_info=&#8221;{}&#8221;][et_pb_column type=&#8221;1_3&#8243; _builder_version=&#8221;4.20.0&#8243; _module_preset=&#8221;default&#8221; global_colors_info=&#8221;{}&#8221;][et_pb_blurb title=&#8221;Stabilna opskrba&#8221; use_icon=&#8221;on&#8221; font_icon=&#8221;&#xf2bd;||fa||900&#8243; _builder_version=&#8221;4.27.6&#8243; _module_preset=&#8221;da5f6401-fecb-45bd-b04a-afe084c0c0d9&#8243; locked=&#8221;off&#8221; global_colors_info=&#8221;{%22gcid-1b9885b1-d5db-4c39-ab49-d8f90e824600%22:%91%22quote_border_color%22,%22icon_color%22%93,%22gcid-555099d8-0bfe-48de-9d1d-02daa12bfc00%22:%91%22header_text_color%22%93}&#8221;]<\/p>\n<p>Pouzdana isporuka za bolnice, ambulante i ordinacije, uz jasno dogovorene rokove i uredno pakiranje.<\/p>\n<p>[\/et_pb_blurb][\/et_pb_column][et_pb_column type=&#8221;1_3&#8243; _builder_version=&#8221;4.20.0&#8243; _module_preset=&#8221;default&#8221; global_colors_info=&#8221;{}&#8221;][et_pb_blurb title=&#8221;Ujedna\u010dena kvaliteta&#8221; use_icon=&#8221;on&#8221; font_icon=&#8221;&#xf554;||fa||900&#8243; _builder_version=&#8221;4.19.3&#8243; _module_preset=&#8221;da5f6401-fecb-45bd-b04a-afe084c0c0d9&#8243; locked=&#8221;off&#8221; global_colors_info=&#8221;{%22gcid-1b9885b1-d5db-4c39-ab49-d8f90e824600%22:%91%22quote_border_color%22,%22icon_color%22%93,%22gcid-555099d8-0bfe-48de-9d1d-02daa12bfc00%22:%91%22header_text_color%22%93}&#8221;]<\/p>\n<p>Dosljedan standard proizvoda i materijala &#8211; bez \u201ciznena\u0111enja\u201d u serijama, jer u zdravstvu je predvidljivost klju\u010dna.<\/p>\n<p>[\/et_pb_blurb][\/et_pb_column][et_pb_column type=&#8221;1_3&#8243; _builder_version=&#8221;4.20.0&#8243; _module_preset=&#8221;default&#8221; global_colors_info=&#8221;{}&#8221;][et_pb_blurb title=&#8221;Hrvatska proizvodnja i tradicija&#8221; use_icon=&#8221;on&#8221; font_icon=&#8221;&#xf0c3;||fa||900&#8243; _builder_version=&#8221;4.19.3&#8243; _module_preset=&#8221;da5f6401-fecb-45bd-b04a-afe084c0c0d9&#8243; locked=&#8221;off&#8221; global_colors_info=&#8221;{%22gcid-1b9885b1-d5db-4c39-ab49-d8f90e824600%22:%91%22quote_border_color%22,%22icon_color%22%93,%22gcid-555099d8-0bfe-48de-9d1d-02daa12bfc00%22:%91%22header_text_color%22%93}&#8221;]<\/p>\n<p>Kontinuitet na koji se partneri mogu osloniti.<\/p>\n<p>[\/et_pb_blurb][\/et_pb_column][\/et_pb_row][\/et_pb_section][et_pb_section fb_built=&#8221;1&#8243; admin_label=&#8221;FAQ&#8221; _builder_version=&#8221;4.19.3&#8243; _module_preset=&#8221;default&#8221; collapsed=&#8221;on&#8221; global_colors_info=&#8221;{}&#8221;][et_pb_row _builder_version=&#8221;4.20.0&#8243; _module_preset=&#8221;default&#8221; global_colors_info=&#8221;{}&#8221;][et_pb_column type=&#8221;4_4&#8243; _builder_version=&#8221;4.19.3&#8243; _module_preset=&#8221;default&#8221; global_colors_info=&#8221;{}&#8221;][et_pb_text _builder_version=&#8221;4.19.3&#8243; _module_preset=&#8221;f28c79ca-fc5f-4449-9375-9d37215202f4&#8243; global_colors_info=&#8221;{}&#8221;]<\/p>\n<h2>\u010cesto postavljena pitanja<\/h2>\n<p>[\/et_pb_text][et_pb_accordion toggle_icon=&#8221;&#xf067;||fa||900&#8243; _builder_version=&#8221;4.27.6&#8243; _module_preset=&#8221;6a02a5bd-4563-42a6-8320-8453e08d051b&#8221; hover_enabled=&#8221;0&#8243; locked=&#8221;off&#8221; global_colors_info=&#8221;{%22gcid-555099d8-0bfe-48de-9d1d-02daa12bfc00%22:%91%22icon_color%22,%22toggle_text_color%22,%22border_color_all%22,%22icon_color%22,%22toggle_text_color%22,%22border_color_all%22,%22icon_color%22%93,%22gcid-1b9885b1-d5db-4c39-ab49-d8f90e824600%22:%91%22body_text_color%22,%22body_text_color%22%93}&#8221; sticky_enabled=&#8221;0&#8243;][et_pb_accordion_item title=&#8221;Gdje se nalazi Medikon?&#8221; _builder_version=&#8221;4.27.6&#8243; _module_preset=&#8221;default&#8221; global_colors_info=&#8221;{}&#8221; open=&#8221;off&#8221;]<\/p>\n<p>Medikon ima sjedi\u0161te u Zagrebu. Za sve upite i narud\u017ebe mo\u017eete nas kontaktirati putem kontakt forme, e-maila ili telefona navedenih na stranici.<\/p>\n<p>[\/et_pb_accordion_item][et_pb_accordion_item title=&#8221;Kako mogu zatra\u017eiti ponudu?&#8221; _builder_version=&#8221;4.19.3&#8243; _module_preset=&#8221;default&#8221; global_colors_info=&#8221;{}&#8221; open=&#8221;off&#8221;]<\/p>\n<p>Ponudu mo\u017eete zatra\u017eiti putem kontakt forme ili e-maila. U poruci navedite naziv artikla (po mogu\u0107nosti katalo\u0161ki broj) i tra\u017eene koli\u010dine, a mi vam se javimo u najkra\u0107em roku.<\/p>\n<p>[\/et_pb_accordion_item][et_pb_accordion_item title=&#8221;Tko su va\u0161i kupci?&#8221; _builder_version=&#8221;4.27.6&#8243; _module_preset=&#8221;default&#8221; hover_enabled=&#8221;0&#8243; global_colors_info=&#8221;{}&#8221; open=&#8221;off&#8221; sticky_enabled=&#8221;0&#8243;]<\/p>\n<p>Na\u0161i proizvodi namijenjeni su zdravstvenim ustanovama i profesionalcima: bolnicama, ambulantama, domovima zdravlja, ordinacijama i drugim organizacijama u sustavu zdravstva.<\/p>\n<p>[\/et_pb_accordion_item][et_pb_accordion_item title=&#8221;Koji je rok isporuke?&#8221; _builder_version=&#8221;4.19.3&#8243; _module_preset=&#8221;default&#8221; global_colors_info=&#8221;{}&#8221; open=&#8221;off&#8221;]<\/p>\n<p>Rok isporuke ovisi o tra\u017eenim artiklima i koli\u010dinama. Nakon zaprimljenog upita, u ponudi jasno navodimo okvirni rok i sve detalje isporuke.<\/p>\n<p>[\/et_pb_accordion_item][et_pb_accordion_item title=&#8221;Mogu li naru\u010diti samo odre\u0111ene proizvode iz kataloga?&#8221; _builder_version=&#8221;4.19.3&#8243; _module_preset=&#8221;default&#8221; global_colors_info=&#8221;{}&#8221; open=&#8221;off&#8221;]<\/p>\n<p>Da. Mo\u017eete naru\u010diti bilo koji proizvod iz na\u0161e ponude. Najlak\u0161e je da nam po\u0161aljete katalo\u0161ke brojeve i koli\u010dine.<\/p>\n<p>[\/et_pb_accordion_item][et_pb_accordion_item title=&#8221;Imate li minimalnu koli\u010dinu narud\u017ebe?&#8221; open=&#8221;on&#8221; _builder_version=&#8221;4.27.6&#8243; _module_preset=&#8221;default&#8221; global_colors_info=&#8221;{}&#8221;]<\/p>\n<p>Minimalna koli\u010dina mo\u017ee ovisiti o pojedinom artiklu i pakiranju. Javite nam \u0161to trebate i predlo\u017eit \u0107emo optimalno pakiranje i koli\u010dine.<\/p>\n<p>[\/et_pb_accordion_item][\/et_pb_accordion][\/et_pb_column][\/et_pb_row][et_pb_row _builder_version=&#8221;4.20.0&#8243; _module_preset=&#8221;default&#8221; global_colors_info=&#8221;{}&#8221;][et_pb_column type=&#8221;4_4&#8243; _builder_version=&#8221;4.19.3&#8243; _module_preset=&#8221;default&#8221; global_colors_info=&#8221;{}&#8221;][et_pb_accordion toggle_icon=&#8221;&#xf067;||fa||900&#8243; _builder_version=&#8221;4.27.6&#8243; _module_preset=&#8221;6a02a5bd-4563-42a6-8320-8453e08d051b&#8221; custom_margin=&#8221;33px|||||&#8221; locked=&#8221;off&#8221; global_colors_info=&#8221;{%22gcid-555099d8-0bfe-48de-9d1d-02daa12bfc00%22:%91%22icon_color%22,%22toggle_text_color%22,%22border_color_all%22,%22icon_color%22,%22toggle_text_color%22,%22border_color_all%22,%22icon_color%22,%22toggle_text_color%22,%22border_color_all%22,%22icon_color%22,%22toggle_text_color%22,%22border_color_all%22,%22icon_color%22,%22toggle_text_color%22,%22border_color_all%22,%22icon_color%22%93,%22gcid-1b9885b1-d5db-4c39-ab49-d8f90e824600%22:%91%22body_text_color%22,%22body_text_color%22,%22body_text_color%22,%22body_text_color%22,%22body_text_color%22%93}&#8221;][\/et_pb_accordion][\/et_pb_column][\/et_pb_row][\/et_pb_section][et_pb_section fb_built=&#8221;1&#8243; admin_label=&#8221;Footer&#8221; _builder_version=&#8221;4.19.3&#8243; _module_preset=&#8221;default&#8221; background_color=&#8221;gcid-1b9885b1-d5db-4c39-ab49-d8f90e824600&#8243; locked=&#8221;off&#8221; collapsed=&#8221;on&#8221; global_colors_info=&#8221;{%22gcid-1b9885b1-d5db-4c39-ab49-d8f90e824600%22:%91%22background_color%22%93}&#8221;][et_pb_row _builder_version=&#8221;4.19.3&#8243; _module_preset=&#8221;default&#8221; global_colors_info=&#8221;{}&#8221;][et_pb_column type=&#8221;4_4&#8243; _builder_version=&#8221;4.19.3&#8243; _module_preset=&#8221;default&#8221; global_colors_info=&#8221;{}&#8221;][et_pb_text _builder_version=&#8221;4.19.3&#8243; _dynamic_attributes=&#8221;content&#8221; _module_preset=&#8221;eb3a4452-cad0-4df9-882d-26136b2f3988&#8243; text_text_color=&#8221;#FFFFFF&#8221; text_orientation=&#8221;center&#8221; global_colors_info=&#8221;{}&#8221;]@ET-DC@eyJkeW5hbWljIjp0cnVlLCJjb250ZW50IjoiY3VycmVudF9kYXRlIiwic2V0dGluZ3MiOnsiYmVmb3JlIjoiQ29weXJpZ2h0ICZjb3B5OyAiLCJhZnRlciI6IiBEaXZpLiBBbGwgUmlnaHRzIFJlc2VydmVkLiIsImRhdGVfZm9ybWF0IjoiY3VzdG9tIiwiY3VzdG9tX2RhdGVfZm9ybWF0IjoiWSJ9fQ==@[\/et_pb_text][\/et_pb_column][\/et_pb_row][\/et_pb_section]<\/p>\n","protected":false},"excerpt":{"rendered":"<p>O MEDIKONUMedikon je hrvatski obrt za proizvodnju sa sjedi\u0161tem u Zagrebu, specijaliziran za jednokratne medicinske potrep\u0161tine. Od 1983. godine gradimo povjerenje kroz dosljednu kvalitetu, pouzdanu opskrbu i profesionalan odnos prema zdravstvenim ustanovama. Na\u0161i proizvodi namijenjeni su bolnicama, ambulantama, domovima zdravlja i ordinacijama \u2013 svima koji u svakodnevnom radu trebaju stabilan i siguran potro\u0161ni materijal. Dio [&hellip;]<\/p>\n","protected":false},"author":1,"featured_media":0,"parent":0,"menu_order":0,"comment_status":"closed","ping_status":"closed","template":"","meta":{"_et_pb_use_builder":"on","_et_pb_old_content":"<!-- wp:divi\/placeholder \/-->","_et_gb_content_width":"","footnotes":""},"class_list":["post-129","page","type-page","status-publish","hentry"],"_links":{"self":[{"href":"https:\/\/medikon.hr\/index.php\/wp-json\/wp\/v2\/pages\/129","targetHints":{"allow":["GET"]}}],"collection":[{"href":"https:\/\/medikon.hr\/index.php\/wp-json\/wp\/v2\/pages"}],"about":[{"href":"https:\/\/medikon.hr\/index.php\/wp-json\/wp\/v2\/types\/page"}],"author":[{"embeddable":true,"href":"https:\/\/medikon.hr\/index.php\/wp-json\/wp\/v2\/users\/1"}],"replies":[{"embeddable":true,"href":"https:\/\/medikon.hr\/index.php\/wp-json\/wp\/v2\/comments?post=129"}],"version-history":[{"count":11,"href":"https:\/\/medikon.hr\/index.php\/wp-json\/wp\/v2\/pages\/129\/revisions"}],"predecessor-version":[{"id":241,"href":"https:\/\/medikon.hr\/index.php\/wp-json\/wp\/v2\/pages\/129\/revisions\/241"}],"wp:attachment":[{"href":"https:\/\/medikon.hr\/index.php\/wp-json\/wp\/v2\/media?parent=129"}],"curies":[{"name":"wp","href":"https:\/\/api.w.org\/{rel}","templated":true}]}}