{"id":107,"date":"2026-03-04T12:03:36","date_gmt":"2026-03-04T12:03:36","guid":{"rendered":"https:\/\/medikon.hr\/?page_id=107"},"modified":"2026-03-04T12:22:48","modified_gmt":"2026-03-04T12:22:48","slug":"naslovnica","status":"publish","type":"page","link":"https:\/\/medikon.hr\/","title":{"rendered":"Naslovnica"},"content":{"rendered":"<p>[et_pb_section fb_built=&#8221;1&#8243; admin_label=&#8221;Header&#8221; _builder_version=&#8221;4.19.3&#8243; _module_preset=&#8221;default&#8221; custom_padding=&#8221;||0px||false|false&#8221; collapsed=&#8221;on&#8221; global_colors_info=&#8221;{}&#8221;][et_pb_row column_structure=&#8221;3_5,2_5&#8243; _builder_version=&#8221;4.20.0&#8243; _module_preset=&#8221;default&#8221; custom_padding=&#8221;||0px|||&#8221; global_colors_info=&#8221;{}&#8221;][et_pb_column type=&#8221;3_5&#8243; _builder_version=&#8221;4.19.3&#8243; _module_preset=&#8221;default&#8221; custom_padding=&#8221;||60px||false|false&#8221; custom_padding_tablet=&#8221;||30px||false|false&#8221; custom_padding_phone=&#8221;||30px||false|false&#8221; custom_padding_last_edited=&#8221;on|tablet&#8221; global_colors_info=&#8221;{}&#8221;][et_pb_text _builder_version=&#8221;4.19.3&#8243; _module_preset=&#8221;f17aeab0-04e0-46cb-bcfd-50700a4f5588&#8243; global_colors_info=&#8221;{}&#8221;]<\/p>\n<h1><span class=\"color_40\">VA\u0160 POUZDAN PARTNER<br \/>ZA MEDICINSKU KONFEKCIJU<\/span><\/h1>\n<p>[\/et_pb_text][et_pb_text _builder_version=&#8221;4.27.6&#8243; _module_preset=&#8221;0a581877-57d6-4250-9ba4-390043ba66d9&#8243; custom_margin=&#8221;||10px||false|false&#8221; inline_fonts=&#8221;Abhaya Libre&#8221; global_colors_info=&#8221;{}&#8221;]<\/p>\n<h1><span style=\"font-family: inherit; font-weight: normal; color: #001a44; font-size: large;\">Kvalitetan jednokratni medicinski potro\u0161ni materijal za bolnice, ambulante, domove zdravlja i ordinacije. Dio asortimana proizvodimo u Hrvatskoj &#8211; tradicija i iskustvo od 1983. godine.<\/span><\/h1>\n<p>[\/et_pb_text][et_pb_button button_url=&#8221;@ET-DC@eyJkeW5hbWljIjp0cnVlLCJjb250ZW50IjoicG9zdF9saW5rX3VybF9wYWdlIiwic2V0dGluZ3MiOnsicG9zdF9pZCI6IjEyNyJ9fQ==@&#8221; button_text=&#8221;ZATRA\u017dITE PONUDU&#8221; _builder_version=&#8221;4.27.6&#8243; _dynamic_attributes=&#8221;button_url&#8221; _module_preset=&#8221;9f1f92b6-e931-4e0c-9a7e-929025a149d2&#8243; global_colors_info=&#8221;{}&#8221;][\/et_pb_button][et_pb_text _builder_version=&#8221;4.20.0&#8243; _module_preset=&#8221;9aa328c0-1e70-498e-8771-d6b93367d361&#8243; locked=&#8221;off&#8221; global_colors_info=&#8221;{}&#8221;]<\/p>\n<h3>Nazovite: +385 98 887359 <br \/>\u00a0 \u00a0 \u00a0 \u00a0 \u00a0 \u00a0 \u00a0 \u00a0 \u00a0 \u00a0 \u00a0+385 98 253305\u00a0<\/h3>\n<p>[\/et_pb_text][\/et_pb_column][et_pb_column type=&#8221;2_5&#8243; _builder_version=&#8221;4.19.3&#8243; _module_preset=&#8221;default&#8221; global_colors_info=&#8221;{}&#8221;][et_pb_image src=&#8221;https:\/\/medikon.hr\/wp-content\/uploads\/2026\/03\/9-1.png&#8221; title_text=&#8221;9&#8243; _builder_version=&#8221;4.27.6&#8243; _module_preset=&#8221;default&#8221; custom_margin=&#8221;|-10vw|-37px||false|false&#8221; custom_padding=&#8221;||3px|||&#8221; global_colors_info=&#8221;{}&#8221;][\/et_pb_image][\/et_pb_column][\/et_pb_row][\/et_pb_section][et_pb_section fb_built=&#8221;1&#8243; admin_label=&#8221;Featured Service&#8221; _builder_version=&#8221;4.19.3&#8243; _module_preset=&#8221;default&#8221; collapsed=&#8221;on&#8221; global_colors_info=&#8221;{}&#8221;][et_pb_row column_structure=&#8221;1_2,1_2&#8243; _builder_version=&#8221;4.19.3&#8243; _module_preset=&#8221;default&#8221; global_colors_info=&#8221;{}&#8221;][et_pb_column type=&#8221;1_2&#8243; _builder_version=&#8221;4.19.3&#8243; _module_preset=&#8221;default&#8221; global_colors_info=&#8221;{}&#8221;][et_pb_text _builder_version=&#8221;4.19.3&#8243; _module_preset=&#8221;57f74fb6-29af-4b92-a33c-b45e13dc579a&#8221; global_colors_info=&#8221;{}&#8221;]<\/p>\n<h2>Kvaliteta i tradicija hrvatske proizvodnje od 1983.<\/h2>\n<p>[\/et_pb_text][\/et_pb_column][et_pb_column type=&#8221;1_2&#8243; _builder_version=&#8221;4.19.3&#8243; _module_preset=&#8221;default&#8221; global_colors_info=&#8221;{}&#8221;][et_pb_text _builder_version=&#8221;4.19.3&#8243; _module_preset=&#8221;f77a171a-4c14-41dc-98d4-a884c8874dd6&#8243; global_colors_info=&#8221;{}&#8221;]<\/p>\n<p>Medikon je obrt za proizvodnju sa sjedi\u0161tem u Zagrebu, specijaliziran za jednokratne medicinske potrep\u0161tine. Na\u0161 cilj je olak\u0161ati rad zdravstvenim djelatnicima kroz proizvode koji su prakti\u010dni, sigurni i spremni za uporabu. Stabilna opskrba i ujedna\u010dena kvaliteta u svakoj isporuci ono su po \u010demu nas partneri prepoznaju i zbog \u010dega nam se vra\u0107aju.<\/p>\n<p>[\/et_pb_text][et_pb_icon font_icon=&#8221;&#xf10d;||fa||900&#8243; icon_color=&#8221;#05668d&#8221; icon_width=&#8221;32px&#8221; align=&#8221;left&#8221; module_class=&#8221;ai_ignore_font_icon&#8221; _builder_version=&#8221;4.24.3&#8243; _module_preset=&#8221;c2c23269-d09e-4bca-9247-65cd5ecf15a9&#8243; locked=&#8221;off&#8221; global_colors_info=&#8221;{%22gcid-f2943306-fa6c-45f0-b632-5fc00151366a%22:%91%22icon_color%22,%22icon_color%22%93}&#8221;][\/et_pb_icon][\/et_pb_column][\/et_pb_row][et_pb_row _builder_version=&#8221;4.19.3&#8243; _module_preset=&#8221;default&#8221; global_colors_info=&#8221;{}&#8221;][et_pb_column type=&#8221;4_4&#8243; _builder_version=&#8221;4.19.3&#8243; _module_preset=&#8221;default&#8221; global_colors_info=&#8221;{}&#8221;][\/et_pb_column][\/et_pb_row][et_pb_row column_structure=&#8221;3_4,1_4&#8243; _builder_version=&#8221;4.20.0&#8243; _module_preset=&#8221;default&#8221; border_color_all=&#8221;#FFFFFF&#8221; border_width_right=&#8221;80px&#8221; border_width_left=&#8221;50px&#8221; border_width_right_tablet=&#8221;0px&#8221; border_width_right_phone=&#8221;0px&#8221; border_width_right_last_edited=&#8221;on|tablet&#8221; border_width_left_tablet=&#8221;0px&#8221; border_width_left_phone=&#8221;0px&#8221; border_width_left_last_edited=&#8221;on|tablet&#8221; global_colors_info=&#8221;{}&#8221;][et_pb_column type=&#8221;3_4&#8243; _builder_version=&#8221;4.20.0&#8243; _module_preset=&#8221;default&#8221; background_color=&#8221;gcid-555099d8-0bfe-48de-9d1d-02daa12bfc00&#8243; custom_padding=&#8221;40px|40px|40px|40px|true|true&#8221; custom_padding_tablet=&#8221;30px|30px|30px|30px|true|true&#8221; custom_padding_phone=&#8221;20px|20px|20px|20px|true|true&#8221; custom_padding_last_edited=&#8221;on|tablet&#8221; global_colors_info=&#8221;{%22gcid-555099d8-0bfe-48de-9d1d-02daa12bfc00%22:%91%22background_color%22%93}&#8221;][et_pb_divider color=&#8221;#326963&#8243; divider_weight=&#8221;6px&#8221; _builder_version=&#8221;4.20.0&#8243; _module_preset=&#8221;default&#8221; width=&#8221;40px&#8221; height=&#8221;6px&#8221; global_colors_info=&#8221;{}&#8221;][\/et_pb_divider][et_pb_text _builder_version=&#8221;4.20.0&#8243; _module_preset=&#8221;9aa328c0-1e70-498e-8771-d6b93367d361&#8243; header_3_text_color=&#8221;#FFFFFF&#8221; custom_margin=&#8221;||10px||false|false&#8221; global_colors_info=&#8221;{}&#8221;]<\/p>\n<h3>Istra\u017eite na\u0161 asortiman proizvoda<\/h3>\n<p>[\/et_pb_text][et_pb_text _builder_version=&#8221;4.20.0&#8243; _module_preset=&#8221;f77a171a-4c14-41dc-98d4-a884c8874dd6&#8243; text_text_color=&#8221;#FFFFFF&#8221; global_colors_info=&#8221;{}&#8221;]<\/p>\n<p>Pregledajte jednokratne medicinske potrep\u0161tine iz na\u0161e ponude \u2013 navlake, maske, rukavice, zavoji i ostali potro\u0161ni materijal za zdravstvene ustanove. Katalog proizvoda dostupan je online.<\/p>\n<p>[\/et_pb_text][et_pb_button button_url=&#8221;@ET-DC@eyJkeW5hbWljIjp0cnVlLCJjb250ZW50IjoicG9zdF9saW5rX3VybF9wYWdlIiwic2V0dGluZ3MiOnsicG9zdF9pZCI6IjEyMyJ9fQ==@&#8221; url_new_window=&#8221;on&#8221; button_text=&#8221;PREGLEDAJTE KATALOG&#8221; _builder_version=&#8221;4.27.6&#8243; _dynamic_attributes=&#8221;button_url&#8221; _module_preset=&#8221;585e6fc8-dc2e-4cc3-82ca-26d39efb40d4&#8243; button_text_color=&#8221;#FFFFFF&#8221; locked=&#8221;off&#8221; global_colors_info=&#8221;{}&#8221;][\/et_pb_button][\/et_pb_column][et_pb_column type=&#8221;1_4&#8243; _builder_version=&#8221;4.19.3&#8243; _module_preset=&#8221;default&#8221; global_colors_info=&#8221;{}&#8221;][\/et_pb_column][\/et_pb_row][\/et_pb_section][et_pb_section fb_built=&#8221;1&#8243; admin_label=&#8221;Services&#8221; _builder_version=&#8221;4.19.3&#8243; _module_preset=&#8221;default&#8221; custom_padding=&#8221;48px|||||&#8221; collapsed=&#8221;on&#8221; global_colors_info=&#8221;{}&#8221;][et_pb_row column_structure=&#8221;3_5,2_5&#8243; _builder_version=&#8221;4.27.6&#8243; _module_preset=&#8221;default&#8221; global_colors_info=&#8221;{}&#8221;][et_pb_column type=&#8221;3_5&#8243; _builder_version=&#8221;4.19.3&#8243; _module_preset=&#8221;default&#8221; global_colors_info=&#8221;{}&#8221;][et_pb_image src=&#8221;https:\/\/medikon.hr\/wp-content\/uploads\/2026\/03\/2-1.png&#8221; title_text=&#8221;2&#8243; _builder_version=&#8221;4.27.6&#8243; _module_preset=&#8221;default&#8221; global_colors_info=&#8221;{}&#8221;][\/et_pb_image][et_pb_image src=&#8221;https:\/\/medikon.hr\/wp-content\/uploads\/2026\/03\/6-1.png&#8221; title_text=&#8221;6&#8243; _builder_version=&#8221;4.27.6&#8243; _module_preset=&#8221;default&#8221; custom_margin=&#8221;||-50.5%||false|false&#8221; custom_padding=&#8221;||1px|||&#8221; global_colors_info=&#8221;{}&#8221;][\/et_pb_image][\/et_pb_column][et_pb_column type=&#8221;2_5&#8243; _builder_version=&#8221;4.19.3&#8243; _module_preset=&#8221;default&#8221; custom_padding=&#8221;4%||||false|false&#8221; custom_padding_tablet=&#8221;0px||||false|false&#8221; custom_padding_phone=&#8221;0px||||false|false&#8221; custom_padding_last_edited=&#8221;on|tablet&#8221; global_colors_info=&#8221;{}&#8221;][et_pb_text _builder_version=&#8221;4.19.3&#8243; _module_preset=&#8221;57f74fb6-29af-4b92-a33c-b45e13dc579a&#8221; custom_margin=&#8221;||10px||false|false&#8221; global_colors_info=&#8221;{}&#8221;]<\/p>\n<h2>Kako naru\u010diti<\/h2>\n<p>[\/et_pb_text][et_pb_text _builder_version=&#8221;4.19.3&#8243; _module_preset=&#8221;f77a171a-4c14-41dc-98d4-a884c8874dd6&#8243; global_colors_info=&#8221;{}&#8221;]<\/p>\n<p>Jednostavan proces narud\u017ebe, brza komunikacija i pouzdana isporuka &#8211; sve kako bi va\u0161a ustanova uvijek imala potreban potro\u0161ni materijal na vrijeme.<\/p>\n<p>[\/et_pb_text][et_pb_blurb title=&#8221;Po\u0161aljite upit&#8221; use_icon=&#8221;on&#8221; font_icon=&#8221;&#xf2bd;||fa||900&#8243; _builder_version=&#8221;4.19.3&#8243; _module_preset=&#8221;8f233211-d0da-4208-8f87-c6059626897a&#8221; background_color=&#8221;#FFFFFF&#8221; custom_margin=&#8221;||0px|-50%|false|false&#8221; custom_margin_tablet=&#8221;||30px|0%|false|false&#8221; custom_margin_phone=&#8221;|||0%|false|false&#8221; custom_margin_last_edited=&#8221;on|tablet&#8221; custom_padding=&#8221;40px|40px|40px|40px|true|true&#8221; custom_padding_tablet=&#8221;0px|0px|0px|0px|true|true&#8221; custom_padding_phone=&#8221;0px|0px|0px|0px|true|true&#8221; custom_padding_last_edited=&#8221;on|tablet&#8221; locked=&#8221;off&#8221; global_colors_info=&#8221;{%22gcid-1b9885b1-d5db-4c39-ab49-d8f90e824600%22:%91%22quote_border_color%22,%22icon_color%22%93,%22gcid-555099d8-0bfe-48de-9d1d-02daa12bfc00%22:%91%22header_text_color%22%93}&#8221;]<\/p>\n<p>Po\u0161aljite nam popis artikala (naziv\/katalo\u0161ki broj) i potrebne koli\u010dine putem kontakt forme ili e-maila. Ako niste sigurni \u0161to odabrati, rado \u0107emo pomo\u0107i.<\/p>\n<p>[\/et_pb_blurb][et_pb_blurb title=&#8221;Potvrda i ponuda&#8221; use_icon=&#8221;on&#8221; font_icon=&#8221;&#xf21e;||fa||900&#8243; _builder_version=&#8221;4.19.3&#8243; _module_preset=&#8221;8f233211-d0da-4208-8f87-c6059626897a&#8221; background_color=&#8221;#FFFFFF&#8221; custom_margin=&#8221;||0px|-50%|false|false&#8221; custom_margin_tablet=&#8221;||30px|0%|false|false&#8221; custom_margin_phone=&#8221;|||0%|false|false&#8221; custom_margin_last_edited=&#8221;on|tablet&#8221; custom_padding=&#8221;40px|40px|40px|40px|true|true&#8221; custom_padding_tablet=&#8221;0px|0px|0px|0px|true|true&#8221; custom_padding_phone=&#8221;0px|0px|0px|0px|true|true&#8221; custom_padding_last_edited=&#8221;on|tablet&#8221; locked=&#8221;off&#8221; global_colors_info=&#8221;{%22gcid-1b9885b1-d5db-4c39-ab49-d8f90e824600%22:%91%22quote_border_color%22,%22icon_color%22,%22quote_border_color%22,%22icon_color%22%93,%22gcid-555099d8-0bfe-48de-9d1d-02daa12bfc00%22:%91%22header_text_color%22,%22header_text_color%22%93}&#8221;]<\/p>\n<p>U najkra\u0107em roku \u0161aljemo ponudu, rok isporuke i sve detalje. Nakon va\u0161e potvrde, pripremamo narud\u017ebu za isporuku.<\/p>\n<p>[\/et_pb_blurb][et_pb_blurb title=&#8221;Isporuka na adresu&#8221; use_icon=&#8221;on&#8221; font_icon=&#8221;&#xf77d;||fa||900&#8243; _builder_version=&#8221;4.19.3&#8243; _module_preset=&#8221;8f233211-d0da-4208-8f87-c6059626897a&#8221; background_color=&#8221;#FFFFFF&#8221; custom_margin=&#8221;|||-50%|false|false&#8221; custom_margin_tablet=&#8221;||30px|0%|false|false&#8221; custom_margin_phone=&#8221;|||0%|false|false&#8221; custom_margin_last_edited=&#8221;on|tablet&#8221; custom_padding=&#8221;40px|40px|40px|40px|true|true&#8221; custom_padding_tablet=&#8221;0px|0px|0px|0px|true|true&#8221; custom_padding_phone=&#8221;0px|0px|0px|0px|true|true&#8221; custom_padding_last_edited=&#8221;on|tablet&#8221; locked=&#8221;off&#8221; global_colors_info=&#8221;{%22gcid-1b9885b1-d5db-4c39-ab49-d8f90e824600%22:%91%22quote_border_color%22,%22icon_color%22,%22quote_border_color%22,%22icon_color%22%93,%22gcid-555099d8-0bfe-48de-9d1d-02daa12bfc00%22:%91%22header_text_color%22,%22header_text_color%22%93}&#8221;]<\/p>\n<p>Isporuku organiziramo prema dogovoru. Proizvodi sti\u017eu uredno zapakirani i spremni za uporabu u va\u0161oj ustanovi.<\/p>\n<p>[\/et_pb_blurb][\/et_pb_column][\/et_pb_row][\/et_pb_section][et_pb_section fb_built=&#8221;1&#8243; admin_label=&#8221;Testimonials&#8221; _builder_version=&#8221;4.19.3&#8243; _module_preset=&#8221;default&#8221; background_color=&#8221;gcid-a7422b2f-47f3-46f2-9b9e-dc87bab6d79c&#8221; collapsed=&#8221;on&#8221; global_colors_info=&#8221;{%22gcid-a7422b2f-47f3-46f2-9b9e-dc87bab6d79c%22:%91%22background_color%22%93}&#8221;][et_pb_row _builder_version=&#8221;4.19.3&#8243; _module_preset=&#8221;default&#8221; global_colors_info=&#8221;{}&#8221;][et_pb_column type=&#8221;4_4&#8243; _builder_version=&#8221;4.19.3&#8243; _module_preset=&#8221;default&#8221; global_colors_info=&#8221;{}&#8221;][et_pb_icon font_icon=&#8221;&#xf10d;||fa||900&#8243; icon_color=&#8221;gcid-555099d8-0bfe-48de-9d1d-02daa12bfc00&#8243; icon_width=&#8221;48px&#8221; _builder_version=&#8221;4.20.0&#8243; _module_preset=&#8221;default&#8221; locked=&#8221;off&#8221; global_colors_info=&#8221;{%22gcid-555099d8-0bfe-48de-9d1d-02daa12bfc00%22:%91%22icon_color%22%93}&#8221;][\/et_pb_icon][et_pb_slider _builder_version=&#8221;4.27.6&#8243; _module_preset=&#8221;f11acc25-8cf7-402d-94ae-495071c0f721&#8243; min_height=&#8221;220.2px&#8221; custom_padding=&#8221;0px||5px||false|false&#8221; locked=&#8221;off&#8221; global_colors_info=&#8221;{%22gcid-555099d8-0bfe-48de-9d1d-02daa12bfc00%22:%91%22button_bg_color%22,%22arrows_custom_color%22,%22dot_nav_custom_color%22,%22header_text_color%22,%22body_text_color%22,%22button_bg_color%22,%22arrows_custom_color%22,%22dot_nav_custom_color%22,%22header_text_color%22,%22body_text_color%22,%22button_bg_color%22,%22arrows_custom_color%22,%22dot_nav_custom_color%22,%22header_text_color%22,%22body_text_color%22,%22arrows_custom_color%22,%22dot_nav_custom_color%22,%22header_text_color%22,%22body_text_color%22%93,%22gcid-1b9885b1-d5db-4c39-ab49-d8f90e824600%22:%91%22quote_border_color%22,%22quote_border_color%22,%22quote_border_color%22,%22quote_border_color%22%93}&#8221;][et_pb_slide heading=&#8221;\u2605\u2605\u2605\u2605\u2605&#8221; _builder_version=&#8221;4.27.6&#8243; _module_preset=&#8221;default&#8221; background_color=&#8221;#75b9c4&#8243; background_enable_color=&#8221;on&#8221; locked=&#8221;off&#8221; global_colors_info=&#8221;{}&#8221; sticky_transition=&#8221;on&#8221;]<\/p>\n<p><span style=\"color: #ffffff;\">\u201cMedikon nam je pouzdan partner u svakodnevnoj nabavi potro\u0161nog materijala. Kvaliteta je ujedna\u010dena, a proizvodi su uvijek uredno zapakirani i spremni za uporabu. Posebno cijenimo brzu komunikaciju i to\u010dnost isporuke.\u201d<\/span><\/p>\n<p><span style=\"color: #ffffff;\">Dr. Martina Kova\u010devi\u0107<\/span><\/p>\n<p>[\/et_pb_slide][et_pb_slide heading=&#8221;\u2605\u2605\u2605\u2605\u2605&#8221; _builder_version=&#8221;4.27.6&#8243; _module_preset=&#8221;default&#8221; background_color=&#8221;#75b9c4&#8243; background_enable_color=&#8221;on&#8221; locked=&#8221;off&#8221; global_colors_info=&#8221;{}&#8221; sticky_transition=&#8221;on&#8221;]<\/p>\n<p>\u201cSuradnja s Medikon timom je jednostavna i profesionalna od prvog kontakta. Isporuke sti\u017eu na vrijeme, a dogovoreno je uvijek ispo\u0161tovano. Kad trebamo preporuku ili brzu informaciju, dobijemo odgovor odmah.\u201d<br data-start=\"603\" data-end=\"606\" \/><strong data-start=\"606\" data-end=\"623\" data-is-only-node=\"\">Ivan Bla\u017eevi\u0107<\/strong><\/p>\n<p>[\/et_pb_slide][et_pb_slide heading=&#8221;\u2605\u2605\u2605\u2605\u2605&#8221; _builder_version=&#8221;4.27.6&#8243; _module_preset=&#8221;default&#8221; background_color=&#8221;#75b9c4&#8243; background_enable_color=&#8221;on&#8221; locked=&#8221;off&#8221; global_colors_info=&#8221;{}&#8221; sticky_transition=&#8221;on&#8221;]<\/p>\n<p>\u201cMaterijal je kvalitetan i pouzdan, \u0161to nam je klju\u010dno u svakodnevnom radu s pacijentima. Medikon ima jasnu ponudu i sve je transparentno, bez komplikacija. Doma\u0107a proizvodnja i tradicija dodatno ulijevaju povjerenje.\u201d<br data-start=\"855\" data-end=\"858\" \/><strong data-start=\"858\" data-end=\"886\" data-is-last-node=\"\" data-is-only-node=\"\">Ana Peri\u0107, glavna sestra<\/strong><\/p>\n<p>[\/et_pb_slide][\/et_pb_slider][\/et_pb_column][\/et_pb_row][\/et_pb_section][et_pb_section fb_built=&#8221;1&#8243; make_equal=&#8221;on&#8221; specialty=&#8221;on&#8221; bg_img_2=&#8221;https:\/\/medikon.hr\/wp-content\/uploads\/2026\/03\/hospital-5.jpg&#8221; custom_css_main_1=&#8221;z-index: 10 !important;&#8221; admin_label=&#8221;Call to Action&#8221; _builder_version=&#8221;4.27.6&#8243; _module_preset=&#8221;default&#8221; collapsed=&#8221;on&#8221; global_colors_info=&#8221;{}&#8221;][et_pb_column type=&#8221;1_2&#8243; specialty_columns=&#8221;2&#8243; _builder_version=&#8221;4.16&#8243; _module_preset=&#8221;default&#8221; custom_padding=&#8221;|||&#8221; global_colors_info=&#8221;{}&#8221; custom_padding__hover=&#8221;|||&#8221;][et_pb_row_inner _builder_version=&#8221;4.19.3&#8243; _module_preset=&#8221;default&#8221; global_colors_info=&#8221;{}&#8221;][et_pb_column_inner saved_specialty_column_type=&#8221;1_2&#8243; _builder_version=&#8221;4.19.3&#8243; _module_preset=&#8221;default&#8221; global_colors_info=&#8221;{}&#8221;][et_pb_text _builder_version=&#8221;4.19.3&#8243; _module_preset=&#8221;57f74fb6-29af-4b92-a33c-b45e13dc579a&#8221; global_colors_info=&#8221;{}&#8221;]<\/p>\n<h2>Novosti iz Medikona<\/h2>\n<p>[\/et_pb_text][et_pb_button button_url=&#8221;@ET-DC@eyJkeW5hbWljIjp0cnVlLCJjb250ZW50IjoicG9zdF9saW5rX3VybF9wYWdlIiwic2V0dGluZ3MiOnsicG9zdF9pZCI6IjEyNSJ9fQ==@&#8221; button_text=&#8221;POGLEDAJTE SVE NOVOSTI&#8221; _builder_version=&#8221;4.27.6&#8243; _dynamic_attributes=&#8221;button_url&#8221; _module_preset=&#8221;e6327962-d670-432e-8bd4-060b73a2204e&#8221; global_colors_info=&#8221;{}&#8221;][\/et_pb_button][\/et_pb_column_inner][\/et_pb_row_inner][et_pb_row_inner column_structure=&#8221;1_2,1_2&#8243; custom_padding_last_edited=&#8221;on|phone&#8221; _builder_version=&#8221;4.19.3&#8243; _module_preset=&#8221;default&#8221; background_color=&#8221;#FFFFFF&#8221; width=&#8221;140%&#8221; width_tablet=&#8221;100%&#8221; width_phone=&#8221;100%&#8221; width_last_edited=&#8221;on|tablet&#8221; custom_margin=&#8221;||||false|false&#8221; custom_padding=&#8221;|30px|||false|false&#8221; custom_padding_tablet=&#8221;|0px|||false|false&#8221; custom_padding_phone=&#8221;||||false|false&#8221; global_colors_info=&#8221;{}&#8221; width__hover_enabled=&#8221;off|desktop&#8221;][et_pb_column_inner type=&#8221;1_2&#8243; saved_specialty_column_type=&#8221;1_2&#8243; _builder_version=&#8221;4.19.3&#8243; _module_preset=&#8221;default&#8221; global_colors_info=&#8221;{}&#8221;][et_pb_text _builder_version=&#8221;4.19.3&#8243; _module_preset=&#8221;9222d49f-4a34-4791-8779-7c01a1d8417b&#8221; custom_margin=&#8221;||10px||false|false&#8221; global_colors_info=&#8221;{}&#8221;]<\/p>\n<h4>Novi katalog proizvoda je dostupan<\/h4>\n<p>[\/et_pb_text][et_pb_text _builder_version=&#8221;4.19.3&#8243; _module_preset=&#8221;0ad970ef-bca5-44fb-b09b-bd975e468ad3&#8243; global_colors_info=&#8221;{}&#8221;]<\/p>\n<p>Objavili smo a\u017eurirani pregled asortimana jednokratnih medicinskih potrep\u0161tina. Pregledajte proizvode i po\u0161aljite upit za ponudu.<\/p>\n<p>[\/et_pb_text][\/et_pb_column_inner][et_pb_column_inner type=&#8221;1_2&#8243; saved_specialty_column_type=&#8221;1_2&#8243; _builder_version=&#8221;4.19.3&#8243; _module_preset=&#8221;default&#8221; global_colors_info=&#8221;{}&#8221;][et_pb_text _builder_version=&#8221;4.19.3&#8243; _module_preset=&#8221;9222d49f-4a34-4791-8779-7c01a1d8417b&#8221; custom_margin=&#8221;||10px||false|false&#8221; global_colors_info=&#8221;{}&#8221;]<\/p>\n<h4>Stabilna opskrba i brza isporuka<\/h4>\n<p>[\/et_pb_text][et_pb_text _builder_version=&#8221;4.19.3&#8243; _module_preset=&#8221;0ad970ef-bca5-44fb-b09b-bd975e468ad3&#8243; custom_padding=&#8221;||13px|||&#8221; global_colors_info=&#8221;{}&#8221;]<\/p>\n<p>Nastavljamo osiguravati pouzdanu isporuku potro\u0161nog materijala za bolnice, ambulante i ordinacije, uz dosljednu kvalitetu u svakoj seriji.<\/p>\n<p>[\/et_pb_text][\/et_pb_column_inner][\/et_pb_row_inner][\/et_pb_column][et_pb_column type=&#8221;1_2&#8243; _builder_version=&#8221;4.16&#8243; _module_preset=&#8221;default&#8221; custom_padding=&#8221;|||&#8221; global_colors_info=&#8221;{}&#8221; custom_padding__hover=&#8221;|||&#8221;][et_pb_divider show_divider=&#8221;off&#8221; _builder_version=&#8221;4.19.3&#8243; _module_preset=&#8221;default&#8221; height_tablet=&#8221;40vw&#8221; height_phone=&#8221;40vw&#8221; height_last_edited=&#8221;on|desktop&#8221; global_colors_info=&#8221;{}&#8221;][\/et_pb_divider][\/et_pb_column][\/et_pb_section][et_pb_section fb_built=&#8221;1&#8243; admin_label=&#8221;Footer&#8221; _builder_version=&#8221;4.19.3&#8243; _module_preset=&#8221;default&#8221; background_color=&#8221;gcid-1b9885b1-d5db-4c39-ab49-d8f90e824600&#8243; saved_tabs=&#8221;all&#8221; locked=&#8221;off&#8221; collapsed=&#8221;on&#8221; global_colors_info=&#8221;{%22gcid-1b9885b1-d5db-4c39-ab49-d8f90e824600%22:%91%22background_color%22%93}&#8221;][\/et_pb_section]<\/p>\n","protected":false},"excerpt":{"rendered":"<p>VA\u0160 POUZDAN PARTNERZA MEDICINSKU KONFEKCIJUKvalitetan jednokratni medicinski potro\u0161ni materijal za bolnice, ambulante, domove zdravlja i ordinacije. Dio asortimana proizvodimo u Hrvatskoj &#8211; tradicija i iskustvo od 1983. godine.Nazovite: +385 98 887359 \u00a0 \u00a0 \u00a0 \u00a0 \u00a0 \u00a0 \u00a0 \u00a0 \u00a0 \u00a0 \u00a0+385 98 253305\u00a0Kvaliteta i tradicija hrvatske proizvodnje od 1983.Medikon je obrt za proizvodnju sa [&hellip;]<\/p>\n","protected":false},"author":1,"featured_media":0,"parent":0,"menu_order":0,"comment_status":"closed","ping_status":"closed","template":"","meta":{"_et_pb_use_builder":"on","_et_pb_old_content":"","_et_gb_content_width":"","footnotes":""},"class_list":["post-107","page","type-page","status-publish","hentry"],"_links":{"self":[{"href":"https:\/\/medikon.hr\/index.php\/wp-json\/wp\/v2\/pages\/107","targetHints":{"allow":["GET"]}}],"collection":[{"href":"https:\/\/medikon.hr\/index.php\/wp-json\/wp\/v2\/pages"}],"about":[{"href":"https:\/\/medikon.hr\/index.php\/wp-json\/wp\/v2\/types\/page"}],"author":[{"embeddable":true,"href":"https:\/\/medikon.hr\/index.php\/wp-json\/wp\/v2\/users\/1"}],"replies":[{"embeddable":true,"href":"https:\/\/medikon.hr\/index.php\/wp-json\/wp\/v2\/comments?post=107"}],"version-history":[{"count":11,"href":"https:\/\/medikon.hr\/index.php\/wp-json\/wp\/v2\/pages\/107\/revisions"}],"predecessor-version":[{"id":220,"href":"https:\/\/medikon.hr\/index.php\/wp-json\/wp\/v2\/pages\/107\/revisions\/220"}],"wp:attachment":[{"href":"https:\/\/medikon.hr\/index.php\/wp-json\/wp\/v2\/media?parent=107"}],"curies":[{"name":"wp","href":"https:\/\/api.w.org\/{rel}","templated":true}]}}